{"id":9058,"date":"2025-06-02T15:45:22","date_gmt":"2025-06-02T22:45:22","guid":{"rendered":"https:\/\/inskill.ai\/?page_id=9058"},"modified":"2025-11-11T15:11:05","modified_gmt":"2025-11-11T22:11:05","slug":"soc-compliance","status":"publish","type":"page","link":"https:\/\/inskill.ai\/de\/how-it-works\/security\/soc-compliance\/","title":{"rendered":"SOC-Einhaltung"},"content":{"rendered":"<div data-elementor-type=\"wp-page\" data-elementor-id=\"9058\" class=\"elementor elementor-9058\" data-elementor-post-type=\"page\">\n\t\t\t\t<div class=\"elementor-element elementor-element-aab70c7 e-flex e-con-boxed e-con e-parent\" data-id=\"aab70c7\" data-element_type=\"container\" data-e-type=\"container\" data-settings=\"{&quot;jet_parallax_layout_list&quot;:[],&quot;background_background&quot;:&quot;video&quot;,&quot;background_video_link&quot;:&quot;https:\\\/\\\/wp.me\\\/af6eCv-33K&quot;,&quot;background_play_on_mobile&quot;:&quot;yes&quot;}\">\n\t\t\t\t\t<div class=\"e-con-inner\">\n\t\t<div class=\"elementor-background-video-container\">\n\t\t\t\t\t\t\t<video class=\"elementor-background-video-hosted\" role=\"presentation\" autoplay muted playsinline loop><\/video>\n\t\t\t\t\t<\/div><div class=\"elementor-element elementor-element-5601f24 e-con-full e-flex e-con e-child\" data-id=\"5601f24\" data-element_type=\"container\" data-e-type=\"container\" data-settings=\"{&quot;jet_parallax_layout_list&quot;:[]}\">\n\t\t<div class=\"elementor-element elementor-element-391a758 e-con-full e-flex e-con e-child\" data-id=\"391a758\" data-element_type=\"container\" data-e-type=\"container\" data-settings=\"{&quot;jet_parallax_layout_list&quot;:[]}\">\n\t\t\t\t<div class=\"elementor-element elementor-element-263fbc9 elementor-widget__width-inherit elementor-widget elementor-widget-heading\" data-id=\"263fbc9\" data-element_type=\"widget\" data-e-type=\"widget\" data-widget_type=\"heading.default\">\n\t\t\t\t<div class=\"elementor-widget-container\">\n\t\t\t\t\t<h1 class=\"elementor-heading-title elementor-size-default\">SOC-Einhaltung<\/h1>\t\t\t\t<\/div>\n\t\t\t\t<\/div>\n\t\t\t\t<div class=\"elementor-element elementor-element-4c1ca8a elementor-widget__width-auto elementor-widget elementor-widget-heading\" data-id=\"4c1ca8a\" data-element_type=\"widget\" data-e-type=\"widget\" data-widget_type=\"heading.default\">\n\t\t\t\t<div class=\"elementor-widget-container\">\n\t\t\t\t\t<h2 class=\"elementor-heading-title elementor-size-default\">Trust Center<\/h2>\t\t\t\t<\/div>\n\t\t\t\t<\/div>\n\t\t\t\t<\/div>\n\t\t\t\t<\/div>\n\t\t<div class=\"elementor-element elementor-element-331df49 e-con-full e-flex e-con e-child\" data-id=\"331df49\" data-element_type=\"container\" data-e-type=\"container\" data-settings=\"{&quot;background_background&quot;:&quot;gradient&quot;,&quot;jet_parallax_layout_list&quot;:[],&quot;position&quot;:&quot;absolute&quot;}\">\n\t\t\t\t<\/div>\n\t\t\t\t\t<\/div>\n\t\t\t\t<\/div>\n\t\t<div class=\"elementor-element elementor-element-1e9cd13 e-con-full e-flex e-con e-parent\" data-id=\"1e9cd13\" data-element_type=\"container\" data-e-type=\"container\" data-settings=\"{&quot;background_background&quot;:&quot;classic&quot;,&quot;jet_parallax_layout_list&quot;:[]}\">\n\t\t<div class=\"elementor-element elementor-element-7d59746 e-con-full e-flex e-con e-child\" data-id=\"7d59746\" data-element_type=\"container\" data-e-type=\"container\" data-settings=\"{&quot;jet_parallax_layout_list&quot;:[],&quot;background_background&quot;:&quot;classic&quot;}\">\n\t\t\t\t<div class=\"elementor-element elementor-element-a6d4b98 elementor-nav-menu--dropdown-tablet elementor-nav-menu__text-align-aside elementor-nav-menu--toggle elementor-nav-menu--burger elementor-widget elementor-widget-nav-menu\" data-id=\"a6d4b98\" data-element_type=\"widget\" data-e-type=\"widget\" data-settings=\"{&quot;layout&quot;:&quot;horizontal&quot;,&quot;submenu_icon&quot;:{&quot;value&quot;:&quot;&lt;i class=\\&quot;fas fa-caret-down\\&quot; aria-hidden=\\&quot;true\\&quot;&gt;&lt;\\\/i&gt;&quot;,&quot;library&quot;:&quot;fa-solid&quot;},&quot;toggle&quot;:&quot;burger&quot;}\" data-widget_type=\"nav-menu.default\">\n\t\t\t\t<div class=\"elementor-widget-container\">\n\t\t\t\t\t\t\t\t<nav aria-label=\"Trust Center\" class=\"elementor-nav-menu--main elementor-nav-menu__container elementor-nav-menu--layout-horizontal e--pointer-underline e--animation-fade\">\n\t\t\t\t<ul id=\"menu-1-a6d4b98\" class=\"elementor-nav-menu\"><li class=\"menu-item menu-item-type-post_type menu-item-object-page menu-item-9133\"><a href=\"https:\/\/inskill.ai\/de\/how-it-works\/security\/\" class=\"elementor-item\">Sicherheit<\/a><\/li>\n<li class=\"menu-item menu-item-type-post_type menu-item-object-page menu-item-9063\"><a href=\"https:\/\/inskill.ai\/de\/how-it-works\/security\/oca-certified\/\" class=\"elementor-item\">OCA-zertifiziert<\/a><\/li>\n<li class=\"menu-item menu-item-type-post_type menu-item-object-page menu-item-9064\"><a href=\"https:\/\/inskill.ai\/de\/how-it-works\/security\/soc-compliance\/\" class=\"elementor-item\">SOC-Einhaltung<\/a><\/li>\n<\/ul>\t\t\t<\/nav>\n\t\t\t\t\t<div class=\"elementor-menu-toggle\" role=\"button\" tabindex=\"0\" aria-label=\"Men\u00fc Umschalter\" aria-expanded=\"false\">\n\t\t\t<i aria-hidden=\"true\" role=\"presentation\" class=\"elementor-menu-toggle__icon--open eicon-menu-bar\"><\/i><i aria-hidden=\"true\" role=\"presentation\" class=\"elementor-menu-toggle__icon--close eicon-close\"><\/i>\t\t<\/div>\n\t\t\t\t\t<nav class=\"elementor-nav-menu--dropdown elementor-nav-menu__container\" aria-hidden=\"true\">\n\t\t\t\t<ul id=\"menu-2-a6d4b98\" class=\"elementor-nav-menu\"><li class=\"menu-item menu-item-type-post_type menu-item-object-page menu-item-9133\"><a href=\"https:\/\/inskill.ai\/de\/how-it-works\/security\/\" class=\"elementor-item\" tabindex=\"-1\">Sicherheit<\/a><\/li>\n<li class=\"menu-item menu-item-type-post_type menu-item-object-page menu-item-9063\"><a href=\"https:\/\/inskill.ai\/de\/how-it-works\/security\/oca-certified\/\" class=\"elementor-item\" tabindex=\"-1\">OCA-zertifiziert<\/a><\/li>\n<li class=\"menu-item menu-item-type-post_type menu-item-object-page menu-item-9064\"><a href=\"https:\/\/inskill.ai\/de\/how-it-works\/security\/soc-compliance\/\" class=\"elementor-item\" tabindex=\"-1\">SOC-Einhaltung<\/a><\/li>\n<\/ul>\t\t\t<\/nav>\n\t\t\t\t\t\t<\/div>\n\t\t\t\t<\/div>\n\t\t\t\t<\/div>\n\t\t<div class=\"elementor-element elementor-element-0aede3a e-flex e-con-boxed e-con e-child\" data-id=\"0aede3a\" data-element_type=\"container\" data-e-type=\"container\" data-settings=\"{&quot;jet_parallax_layout_list&quot;:[]}\">\n\t\t\t\t\t<div class=\"e-con-inner\">\n\t\t<div class=\"elementor-element elementor-element-7dd0912 e-grid e-con-full e-con e-child\" data-id=\"7dd0912\" data-element_type=\"container\" data-e-type=\"container\" data-settings=\"{&quot;jet_parallax_layout_list&quot;:[]}\">\n\t\t\t\t<div class=\"elementor-element elementor-element-3cc5024 elementor-widget elementor-widget-image\" data-id=\"3cc5024\" data-element_type=\"widget\" data-e-type=\"widget\" data-widget_type=\"image.default\">\n\t\t\t\t<div class=\"elementor-widget-container\">\n\t\t\t\t\t\t\t\t\t\t\t\t\t\t\t<img fetchpriority=\"high\" decoding=\"async\" data-attachment-id=\"9026\" data-permalink=\"https:\/\/inskill.ai\/de\/home\/badge-soc\/\" data-orig-file=\"https:\/\/i0.wp.com\/inskill.ai\/wp-content\/uploads\/2025\/06\/Badge-soc.png?fit=800%2C800&amp;ssl=1\" data-orig-size=\"800,800\" data-comments-opened=\"0\" data-image-meta=\"{&quot;aperture&quot;:&quot;0&quot;,&quot;credit&quot;:&quot;&quot;,&quot;camera&quot;:&quot;&quot;,&quot;caption&quot;:&quot;&quot;,&quot;created_timestamp&quot;:&quot;0&quot;,&quot;copyright&quot;:&quot;&quot;,&quot;focal_length&quot;:&quot;0&quot;,&quot;iso&quot;:&quot;0&quot;,&quot;shutter_speed&quot;:&quot;0&quot;,&quot;title&quot;:&quot;&quot;,&quot;orientation&quot;:&quot;0&quot;}\" data-image-title=\"Soc 2 Compliant\" data-image-description=\"&lt;p&gt;Badge for Soc 2 Type II compliance &lt;\/p&gt;\" data-image-caption=\"&lt;p&gt;Badge for Soc 2 Type II compliance &lt;\/p&gt;\" data-medium-file=\"https:\/\/i0.wp.com\/inskill.ai\/wp-content\/uploads\/2025\/06\/Badge-soc.png?fit=300%2C300&amp;ssl=1\" data-large-file=\"https:\/\/i0.wp.com\/inskill.ai\/wp-content\/uploads\/2025\/06\/Badge-soc.png?fit=800%2C800&amp;ssl=1\" width=\"800\" height=\"800\" src=\"https:\/\/i0.wp.com\/inskill.ai\/wp-content\/uploads\/2025\/06\/Badge-soc.png?fit=800%2C800&amp;ssl=1\" class=\"attachment-large size-large wp-image-9026\" alt=\"Badge for Soc 2 Type II compliance\" srcset=\"https:\/\/i0.wp.com\/inskill.ai\/wp-content\/uploads\/2025\/06\/Badge-soc.png?w=800&amp;ssl=1 800w, https:\/\/i0.wp.com\/inskill.ai\/wp-content\/uploads\/2025\/06\/Badge-soc.png?resize=300%2C300&amp;ssl=1 300w, https:\/\/i0.wp.com\/inskill.ai\/wp-content\/uploads\/2025\/06\/Badge-soc.png?resize=150%2C150&amp;ssl=1 150w, https:\/\/i0.wp.com\/inskill.ai\/wp-content\/uploads\/2025\/06\/Badge-soc.png?resize=768%2C768&amp;ssl=1 768w\" sizes=\"(max-width: 800px) 100vw, 800px\" \/>\t\t\t\t\t\t\t\t\t\t\t\t\t\t\t<\/div>\n\t\t\t\t<\/div>\n\t\t\t\t<div class=\"elementor-element elementor-element-6823bd7 elementor-widget elementor-widget-text-editor\" data-id=\"6823bd7\" data-element_type=\"widget\" data-e-type=\"widget\" data-widget_type=\"text-editor.default\">\n\t\t\t\t<div class=\"elementor-widget-container\">\n\t\t\t\t\t\t\t\t\t<p>InSkill unterzieht sich j\u00e4hrlich einem SOC 2 Typ II-Audit, das unser Engagement f\u00fcr die Einhaltung der strengsten Sicherheits-, Verf\u00fcgbarkeits- und Vertraulichkeitsstandards der Branche unter Beweis stellt.<\/p><p>Der SOC 2 Typ II-Bericht von InSkill lautet <a href=\"mailto:info!inskill.ai\">auf Anfrage erh\u00e4ltlich<\/a>.<\/p><p>Der Dienst von InSkill wird auf Azure gehostet, <a href=\"https:\/\/learn.microsoft.com\/en-us\/azure\/compliance\/offerings\/offering-soc-2\" target=\"_blank\" rel=\"noopener\">die auch \u00fcber einen SOC 2 Typ II Bericht verf\u00fcgt<\/a>.<\/p>\t\t\t\t\t\t\t\t<\/div>\n\t\t\t\t<\/div>\n\t\t\t\t<\/div>\n\t\t\t\t\t<\/div>\n\t\t\t\t<\/div>\n\t\t\t\t<\/div>\n\t\t\t\t<\/div>","protected":false},"excerpt":{"rendered":"<p>SOC Compliance Trust Center InSkill undergoes an annual SOC 2 Type II audit, which demonstrates our commitment to meeting the most rigorous security, availability and confidentiality standards in the industry. InSkill&#8217;s SOC 2 Type II report is available upon request. InSkill&#8217;s service is hosted on Azure, which also holds a SOC 2 Type II report.<\/p>","protected":false},"author":22942266,"featured_media":0,"parent":5186,"menu_order":0,"comment_status":"closed","ping_status":"closed","template":"elementor_header_footer","meta":{"_acf_changed":false,"_crdt_document":"","content-type":"","footnotes":""},"class_list":["post-9058","page","type-page","status-publish","hentry"],"acf":[],"yoast_head":"<!-- This site is optimized with the Yoast SEO plugin v27.3 - https:\/\/yoast.com\/product\/yoast-seo-wordpress\/ -->\n<title>SOC Compliance - InSkill<\/title>\n<meta name=\"description\" content=\"The InSkill platform is built to meet SOC 2 Type II standards, ensuring secure data handling, encrypted storage, and enterprise-grade protections.\" \/>\n<meta name=\"robots\" content=\"index, follow, max-snippet:-1, max-image-preview:large, max-video-preview:-1\" \/>\n<link rel=\"canonical\" href=\"https:\/\/inskill.ai\/de\/how-it-works\/security\/soc-compliance\/\" \/>\n<meta property=\"og:locale\" content=\"de_DE\" \/>\n<meta property=\"og:type\" content=\"article\" \/>\n<meta property=\"og:title\" content=\"SOC Compliance - InSkill\" \/>\n<meta property=\"og:description\" content=\"The InSkill platform is built to meet SOC 2 Type II standards, ensuring secure data handling, encrypted storage, and enterprise-grade protections.\" \/>\n<meta property=\"og:url\" content=\"https:\/\/inskill.ai\/de\/how-it-works\/security\/soc-compliance\/\" \/>\n<meta property=\"og:site_name\" content=\"InSkill\" \/>\n<meta property=\"article:modified_time\" content=\"2025-11-11T22:11:05+00:00\" \/>\n<meta property=\"og:image\" content=\"https:\/\/inskill.ai\/wp-content\/uploads\/2025\/06\/Badge-soc.png\" \/>\n<meta name=\"twitter:card\" content=\"summary_large_image\" \/>\n<meta name=\"twitter:site\" content=\"@InSkill_ai\" \/>\n<meta name=\"twitter:label1\" content=\"Gesch\u00e4tzte Lesezeit\" \/>\n\t<meta name=\"twitter:data1\" content=\"1\u00a0Minute\" \/>\n<script type=\"application\/ld+json\" class=\"yoast-schema-graph\">{\"@context\":\"https:\\\/\\\/schema.org\",\"@graph\":[{\"@type\":\"WebPage\",\"@id\":\"https:\\\/\\\/inskill.ai\\\/how-it-works\\\/security\\\/soc-compliance\\\/\",\"url\":\"https:\\\/\\\/inskill.ai\\\/how-it-works\\\/security\\\/soc-compliance\\\/\",\"name\":\"SOC Compliance - InSkill\",\"isPartOf\":{\"@id\":\"https:\\\/\\\/inskill.ai\\\/#website\"},\"primaryImageOfPage\":{\"@id\":\"https:\\\/\\\/inskill.ai\\\/how-it-works\\\/security\\\/soc-compliance\\\/#primaryimage\"},\"image\":{\"@id\":\"https:\\\/\\\/inskill.ai\\\/how-it-works\\\/security\\\/soc-compliance\\\/#primaryimage\"},\"thumbnailUrl\":\"https:\\\/\\\/inskill.ai\\\/wp-content\\\/uploads\\\/2025\\\/06\\\/Badge-soc.png\",\"datePublished\":\"2025-06-02T22:45:22+00:00\",\"dateModified\":\"2025-11-11T22:11:05+00:00\",\"description\":\"The InSkill platform is built to meet SOC 2 Type II standards, ensuring secure data handling, encrypted storage, and enterprise-grade protections.\",\"breadcrumb\":{\"@id\":\"https:\\\/\\\/inskill.ai\\\/how-it-works\\\/security\\\/soc-compliance\\\/#breadcrumb\"},\"inLanguage\":\"de\",\"potentialAction\":[{\"@type\":\"ReadAction\",\"target\":[\"https:\\\/\\\/inskill.ai\\\/how-it-works\\\/security\\\/soc-compliance\\\/\"]}]},{\"@type\":\"ImageObject\",\"inLanguage\":\"de\",\"@id\":\"https:\\\/\\\/inskill.ai\\\/how-it-works\\\/security\\\/soc-compliance\\\/#primaryimage\",\"url\":\"https:\\\/\\\/inskill.ai\\\/wp-content\\\/uploads\\\/2025\\\/06\\\/Badge-soc.png\",\"contentUrl\":\"https:\\\/\\\/inskill.ai\\\/wp-content\\\/uploads\\\/2025\\\/06\\\/Badge-soc.png\"},{\"@type\":\"BreadcrumbList\",\"@id\":\"https:\\\/\\\/inskill.ai\\\/how-it-works\\\/security\\\/soc-compliance\\\/#breadcrumb\",\"itemListElement\":[{\"@type\":\"ListItem\",\"position\":1,\"name\":\"Home\",\"item\":\"https:\\\/\\\/inskill.ai\\\/\"},{\"@type\":\"ListItem\",\"position\":2,\"name\":\"How It Works\",\"item\":\"https:\\\/\\\/inskill.ai\\\/how-it-works\\\/\"},{\"@type\":\"ListItem\",\"position\":3,\"name\":\"Security\",\"item\":\"https:\\\/\\\/inskill.ai\\\/how-it-works\\\/security\\\/\"},{\"@type\":\"ListItem\",\"position\":4,\"name\":\"SOC Compliance\"}]},{\"@type\":\"WebSite\",\"@id\":\"https:\\\/\\\/inskill.ai\\\/#website\",\"url\":\"https:\\\/\\\/inskill.ai\\\/\",\"name\":\"InSkill\",\"description\":\"\",\"publisher\":{\"@id\":\"https:\\\/\\\/inskill.ai\\\/#organization\"},\"potentialAction\":[{\"@type\":\"SearchAction\",\"target\":{\"@type\":\"EntryPoint\",\"urlTemplate\":\"https:\\\/\\\/inskill.ai\\\/?s={search_term_string}\"},\"query-input\":{\"@type\":\"PropertyValueSpecification\",\"valueRequired\":true,\"valueName\":\"search_term_string\"}}],\"inLanguage\":\"de\"},{\"@type\":\"Organization\",\"@id\":\"https:\\\/\\\/inskill.ai\\\/#organization\",\"name\":\"InSkill\",\"url\":\"https:\\\/\\\/inskill.ai\\\/\",\"logo\":{\"@type\":\"ImageObject\",\"inLanguage\":\"de\",\"@id\":\"https:\\\/\\\/inskill.ai\\\/#\\\/schema\\\/logo\\\/image\\\/\",\"url\":\"https:\\\/\\\/i0.wp.com\\\/inskill.ai\\\/wp-content\\\/uploads\\\/2025\\\/05\\\/InSkill.png?fit=1250%2C500&ssl=1\",\"contentUrl\":\"https:\\\/\\\/i0.wp.com\\\/inskill.ai\\\/wp-content\\\/uploads\\\/2025\\\/05\\\/InSkill.png?fit=1250%2C500&ssl=1\",\"width\":1250,\"height\":500,\"caption\":\"InSkill\"},\"image\":{\"@id\":\"https:\\\/\\\/inskill.ai\\\/#\\\/schema\\\/logo\\\/image\\\/\"},\"sameAs\":[\"https:\\\/\\\/x.com\\\/InSkill_ai\",\"https:\\\/\\\/www.linkedin.com\\\/company\\\/inskill1\\\/\",\"https:\\\/\\\/www.youtube.com\\\/channel\\\/UCybDy9W_pGwBTLeTD57buXg\"]}]}<\/script>\n<!-- \/ Yoast SEO plugin. -->","yoast_head_json":{"title":"SOC Compliance - InSkill","description":"The InSkill platform is built to meet SOC 2 Type II standards, ensuring secure data handling, encrypted storage, and enterprise-grade protections.","robots":{"index":"index","follow":"follow","max-snippet":"max-snippet:-1","max-image-preview":"max-image-preview:large","max-video-preview":"max-video-preview:-1"},"canonical":"https:\/\/inskill.ai\/de\/how-it-works\/security\/soc-compliance\/","og_locale":"de_DE","og_type":"article","og_title":"SOC Compliance - InSkill","og_description":"The InSkill platform is built to meet SOC 2 Type II standards, ensuring secure data handling, encrypted storage, and enterprise-grade protections.","og_url":"https:\/\/inskill.ai\/de\/how-it-works\/security\/soc-compliance\/","og_site_name":"InSkill","article_modified_time":"2025-11-11T22:11:05+00:00","og_image":[{"url":"https:\/\/inskill.ai\/wp-content\/uploads\/2025\/06\/Badge-soc.png","type":"","width":"","height":""}],"twitter_card":"summary_large_image","twitter_site":"@InSkill_ai","twitter_misc":{"Gesch\u00e4tzte Lesezeit":"1\u00a0Minute"},"schema":{"@context":"https:\/\/schema.org","@graph":[{"@type":"WebPage","@id":"https:\/\/inskill.ai\/how-it-works\/security\/soc-compliance\/","url":"https:\/\/inskill.ai\/how-it-works\/security\/soc-compliance\/","name":"SOC Compliance - InSkill","isPartOf":{"@id":"https:\/\/inskill.ai\/#website"},"primaryImageOfPage":{"@id":"https:\/\/inskill.ai\/how-it-works\/security\/soc-compliance\/#primaryimage"},"image":{"@id":"https:\/\/inskill.ai\/how-it-works\/security\/soc-compliance\/#primaryimage"},"thumbnailUrl":"https:\/\/inskill.ai\/wp-content\/uploads\/2025\/06\/Badge-soc.png","datePublished":"2025-06-02T22:45:22+00:00","dateModified":"2025-11-11T22:11:05+00:00","description":"The InSkill platform is built to meet SOC 2 Type II standards, ensuring secure data handling, encrypted storage, and enterprise-grade protections.","breadcrumb":{"@id":"https:\/\/inskill.ai\/how-it-works\/security\/soc-compliance\/#breadcrumb"},"inLanguage":"de","potentialAction":[{"@type":"ReadAction","target":["https:\/\/inskill.ai\/how-it-works\/security\/soc-compliance\/"]}]},{"@type":"ImageObject","inLanguage":"de","@id":"https:\/\/inskill.ai\/how-it-works\/security\/soc-compliance\/#primaryimage","url":"https:\/\/inskill.ai\/wp-content\/uploads\/2025\/06\/Badge-soc.png","contentUrl":"https:\/\/inskill.ai\/wp-content\/uploads\/2025\/06\/Badge-soc.png"},{"@type":"BreadcrumbList","@id":"https:\/\/inskill.ai\/how-it-works\/security\/soc-compliance\/#breadcrumb","itemListElement":[{"@type":"ListItem","position":1,"name":"Home","item":"https:\/\/inskill.ai\/"},{"@type":"ListItem","position":2,"name":"How It Works","item":"https:\/\/inskill.ai\/how-it-works\/"},{"@type":"ListItem","position":3,"name":"Security","item":"https:\/\/inskill.ai\/how-it-works\/security\/"},{"@type":"ListItem","position":4,"name":"SOC Compliance"}]},{"@type":"WebSite","@id":"https:\/\/inskill.ai\/#website","url":"https:\/\/inskill.ai\/","name":"InSkill","description":"","publisher":{"@id":"https:\/\/inskill.ai\/#organization"},"potentialAction":[{"@type":"SearchAction","target":{"@type":"EntryPoint","urlTemplate":"https:\/\/inskill.ai\/?s={search_term_string}"},"query-input":{"@type":"PropertyValueSpecification","valueRequired":true,"valueName":"search_term_string"}}],"inLanguage":"de"},{"@type":"Organization","@id":"https:\/\/inskill.ai\/#organization","name":"InSkill","url":"https:\/\/inskill.ai\/","logo":{"@type":"ImageObject","inLanguage":"de","@id":"https:\/\/inskill.ai\/#\/schema\/logo\/image\/","url":"https:\/\/i0.wp.com\/inskill.ai\/wp-content\/uploads\/2025\/05\/InSkill.png?fit=1250%2C500&ssl=1","contentUrl":"https:\/\/i0.wp.com\/inskill.ai\/wp-content\/uploads\/2025\/05\/InSkill.png?fit=1250%2C500&ssl=1","width":1250,"height":500,"caption":"InSkill"},"image":{"@id":"https:\/\/inskill.ai\/#\/schema\/logo\/image\/"},"sameAs":["https:\/\/x.com\/InSkill_ai","https:\/\/www.linkedin.com\/company\/inskill1\/","https:\/\/www.youtube.com\/channel\/UCybDy9W_pGwBTLeTD57buXg"]}]}},"jetpack_shortlink":"https:\/\/wp.me\/Pf6eCv-2m6","jetpack_sharing_enabled":true,"_links":{"self":[{"href":"https:\/\/inskill.ai\/de\/wp-json\/wp\/v2\/pages\/9058","targetHints":{"allow":["GET"]}}],"collection":[{"href":"https:\/\/inskill.ai\/de\/wp-json\/wp\/v2\/pages"}],"about":[{"href":"https:\/\/inskill.ai\/de\/wp-json\/wp\/v2\/types\/page"}],"author":[{"embeddable":true,"href":"https:\/\/inskill.ai\/de\/wp-json\/wp\/v2\/users\/22942266"}],"replies":[{"embeddable":true,"href":"https:\/\/inskill.ai\/de\/wp-json\/wp\/v2\/comments?post=9058"}],"version-history":[{"count":24,"href":"https:\/\/inskill.ai\/de\/wp-json\/wp\/v2\/pages\/9058\/revisions"}],"predecessor-version":[{"id":11826,"href":"https:\/\/inskill.ai\/de\/wp-json\/wp\/v2\/pages\/9058\/revisions\/11826"}],"up":[{"embeddable":true,"href":"https:\/\/inskill.ai\/de\/wp-json\/wp\/v2\/pages\/5186"}],"wp:attachment":[{"href":"https:\/\/inskill.ai\/de\/wp-json\/wp\/v2\/media?parent=9058"}],"curies":[{"name":"wp","href":"https:\/\/api.w.org\/{rel}","templated":true}]}}