{"id":11212,"date":"2025-10-01T17:38:25","date_gmt":"2025-10-02T00:38:25","guid":{"rendered":"https:\/\/inskill.ai\/?page_id=11212"},"modified":"2025-11-11T15:16:26","modified_gmt":"2025-11-11T22:16:26","slug":"case-studies","status":"publish","type":"page","link":"https:\/\/inskill.ai\/es\/resources\/case-studies\/","title":{"rendered":"Casos pr\u00e1cticos"},"content":{"rendered":"<div data-elementor-type=\"wp-page\" data-elementor-id=\"11212\" class=\"elementor elementor-11212\" data-elementor-post-type=\"page\">\n\t\t\t\t<div class=\"elementor-element elementor-element-80cf293 e-flex e-con-boxed e-con e-parent\" data-id=\"80cf293\" data-element_type=\"container\" data-e-type=\"container\" data-settings=\"{&quot;jet_parallax_layout_list&quot;:[],&quot;background_background&quot;:&quot;video&quot;,&quot;background_video_link&quot;:&quot;https:\\\/\\\/wp.me\\\/af6eCv-33K&quot;,&quot;background_play_on_mobile&quot;:&quot;yes&quot;}\">\n\t\t\t\t\t<div class=\"e-con-inner\">\n\t\t<div class=\"elementor-background-video-container\">\n\t\t\t\t\t\t\t<video class=\"elementor-background-video-hosted\" role=\"presentation\" autoplay muted playsinline loop><\/video>\n\t\t\t\t\t<\/div><div class=\"elementor-element elementor-element-6cb1cb7 e-con-full e-flex e-con e-child\" data-id=\"6cb1cb7\" data-element_type=\"container\" data-e-type=\"container\" data-settings=\"{&quot;jet_parallax_layout_list&quot;:[]}\">\n\t\t<div class=\"elementor-element elementor-element-13a0dbf e-con-full e-flex e-con e-child\" data-id=\"13a0dbf\" data-element_type=\"container\" data-e-type=\"container\" data-settings=\"{&quot;jet_parallax_layout_list&quot;:[]}\">\n\t\t\t\t<div class=\"elementor-element elementor-element-7858e20 elementor-widget__width-auto elementor-widget elementor-widget-heading\" data-id=\"7858e20\" data-element_type=\"widget\" data-e-type=\"widget\" data-widget_type=\"heading.default\">\n\t\t\t\t<div class=\"elementor-widget-container\">\n\t\t\t\t\t<h2 class=\"elementor-heading-title elementor-size-default\">Recursos<\/h2>\t\t\t\t<\/div>\n\t\t\t\t<\/div>\n\t\t\t\t<div class=\"elementor-element elementor-element-683f160 elementor-widget__width-inherit elementor-widget elementor-widget-heading\" data-id=\"683f160\" data-element_type=\"widget\" data-e-type=\"widget\" data-widget_type=\"heading.default\">\n\t\t\t\t<div class=\"elementor-widget-container\">\n\t\t\t\t\t<h2 class=\"elementor-heading-title elementor-size-default\">Casos pr\u00e1cticos<\/h2>\t\t\t\t<\/div>\n\t\t\t\t<\/div>\n\t\t\t\t<\/div>\n\t\t\t\t<\/div>\n\t\t<div class=\"elementor-element elementor-element-03742c8 e-con-full e-flex e-con e-child\" data-id=\"03742c8\" data-element_type=\"container\" data-e-type=\"container\" data-settings=\"{&quot;background_background&quot;:&quot;gradient&quot;,&quot;jet_parallax_layout_list&quot;:[],&quot;position&quot;:&quot;absolute&quot;}\">\n\t\t\t\t<\/div>\n\t\t\t\t\t<\/div>\n\t\t\t\t<\/div>\n\t\t<div class=\"elementor-element elementor-element-fbb9be8 e-con-full e-flex e-con e-parent\" data-id=\"fbb9be8\" data-element_type=\"container\" data-e-type=\"container\" data-settings=\"{&quot;background_background&quot;:&quot;classic&quot;,&quot;jet_parallax_layout_list&quot;:[]}\">\n\t\t<div class=\"elementor-element elementor-element-3f258cd e-flex e-con-boxed e-con e-child\" data-id=\"3f258cd\" data-element_type=\"container\" data-e-type=\"container\" data-settings=\"{&quot;jet_parallax_layout_list&quot;:[]}\">\n\t\t\t\t\t<div class=\"e-con-inner\">\n\t\t<div class=\"elementor-element elementor-element-6fbb02c e-con-full e-flex e-con e-child\" data-id=\"6fbb02c\" data-element_type=\"container\" data-e-type=\"container\" data-settings=\"{&quot;jet_parallax_layout_list&quot;:[]}\">\n\t\t\t\t<div class=\"elementor-element elementor-element-32656de elementor-widget elementor-widget-shortcode\" data-id=\"32656de\" data-element_type=\"widget\" data-e-type=\"widget\" data-widget_type=\"shortcode.default\">\n\t\t\t\t<div class=\"elementor-widget-container\">\n\t\t\t\t\t\t\t<div class=\"elementor-shortcode\">\t\t<div data-elementor-type=\"container\" data-elementor-id=\"11227\" class=\"elementor elementor-11227\" data-elementor-post-type=\"elementor_library\">\n\t\t\t\t<div class=\"elementor-element elementor-element-d4c4e62 e-con-full e-flex e-con e-child\" data-id=\"d4c4e62\" data-element_type=\"container\" data-e-type=\"container\" data-settings=\"{&quot;jet_parallax_layout_list&quot;:[],&quot;background_background&quot;:&quot;classic&quot;}\">\n\t\t<div class=\"elementor-element elementor-element-937bb06 e-con-full e-flex e-con e-child\" data-id=\"937bb06\" data-element_type=\"container\" data-e-type=\"container\" data-settings=\"{&quot;jet_parallax_layout_list&quot;:[]}\">\n\t\t\t\t<div class=\"elementor-element elementor-element-5ca8543 elementor-widget elementor-widget-image\" data-id=\"5ca8543\" data-element_type=\"widget\" data-e-type=\"widget\" data-widget_type=\"image.default\">\n\t\t\t\t<div class=\"elementor-widget-container\">\n\t\t\t\t\t\t\t\t\t\t\t\t\t\t\t\t<a href=\"https:\/\/inskill.ai\/es\/case-study\/xylem\/\">\n\t\t\t\t\t\t\t<img fetchpriority=\"high\" decoding=\"async\" data-attachment-id=\"11107\" data-permalink=\"https:\/\/inskill.ai\/es\/case-study\/xylem\/xylemcasestudycover\/\" data-orig-file=\"https:\/\/i0.wp.com\/inskill.ai\/wp-content\/uploads\/2025\/09\/XylemCaseStudyCover.webp?fit=1485%2C1920&amp;ssl=1\" data-orig-size=\"1485,1920\" data-comments-opened=\"0\" data-image-meta=\"{&quot;aperture&quot;:&quot;0&quot;,&quot;credit&quot;:&quot;&quot;,&quot;camera&quot;:&quot;&quot;,&quot;caption&quot;:&quot;&quot;,&quot;created_timestamp&quot;:&quot;0&quot;,&quot;copyright&quot;:&quot;&quot;,&quot;focal_length&quot;:&quot;0&quot;,&quot;iso&quot;:&quot;0&quot;,&quot;shutter_speed&quot;:&quot;0&quot;,&quot;title&quot;:&quot;&quot;,&quot;orientation&quot;:&quot;0&quot;}\" data-image-title=\"XylemCaseStudyCover\" data-image-description=\"\" data-image-caption=\"\" data-large-file=\"https:\/\/i0.wp.com\/inskill.ai\/wp-content\/uploads\/2025\/09\/XylemCaseStudyCover.webp?fit=792%2C1024&amp;ssl=1\" width=\"792\" height=\"1024\" src=\"https:\/\/i0.wp.com\/inskill.ai\/wp-content\/uploads\/2025\/09\/XylemCaseStudyCover.webp?fit=792%2C1024&amp;ssl=1\" class=\"attachment-large size-large wp-image-11107\" alt=\"\" srcset=\"https:\/\/i0.wp.com\/inskill.ai\/wp-content\/uploads\/2025\/09\/XylemCaseStudyCover.webp?w=1485&amp;ssl=1 1485w, https:\/\/i0.wp.com\/inskill.ai\/wp-content\/uploads\/2025\/09\/XylemCaseStudyCover.webp?resize=232%2C300&amp;ssl=1 232w, https:\/\/i0.wp.com\/inskill.ai\/wp-content\/uploads\/2025\/09\/XylemCaseStudyCover.webp?resize=792%2C1024&amp;ssl=1 792w, https:\/\/i0.wp.com\/inskill.ai\/wp-content\/uploads\/2025\/09\/XylemCaseStudyCover.webp?resize=768%2C993&amp;ssl=1 768w, https:\/\/i0.wp.com\/inskill.ai\/wp-content\/uploads\/2025\/09\/XylemCaseStudyCover.webp?resize=1188%2C1536&amp;ssl=1 1188w, https:\/\/i0.wp.com\/inskill.ai\/wp-content\/uploads\/2025\/09\/XylemCaseStudyCover.webp?resize=1584%2C2048&amp;ssl=1 1584w\" sizes=\"(max-width: 792px) 100vw, 792px\" \/>\t\t\t\t\t\t\t\t<\/a>\n\t\t\t\t\t\t\t\t\t\t\t\t\t\t\t<\/div>\n\t\t\t\t<\/div>\n\t\t\t\t<\/div>\n\t\t<div class=\"elementor-element elementor-element-9baa26a e-con-full e-flex e-con e-child\" data-id=\"9baa26a\" data-element_type=\"container\" data-e-type=\"container\" data-settings=\"{&quot;jet_parallax_layout_list&quot;:[]}\">\n\t\t<div class=\"elementor-element elementor-element-51ce5f2 e-grid e-con-full e-con e-child\" data-id=\"51ce5f2\" data-element_type=\"container\" data-e-type=\"container\" data-settings=\"{&quot;jet_parallax_layout_list&quot;:[]}\">\n\t\t\t\t<div class=\"elementor-element elementor-element-8113949 elementor-widget elementor-widget-heading\" data-id=\"8113949\" data-element_type=\"widget\" data-e-type=\"widget\" data-widget_type=\"heading.default\">\n\t\t\t\t<div class=\"elementor-widget-container\">\n\t\t\t\t\t<h2 class=\"elementor-heading-title elementor-size-default\">Estudio de caso<\/h2>\t\t\t\t<\/div>\n\t\t\t\t<\/div>\n\t\t\t\t<div class=\"elementor-element elementor-element-cfbf2a3 elementor-widget elementor-widget-image\" data-id=\"cfbf2a3\" data-element_type=\"widget\" data-e-type=\"widget\" data-widget_type=\"image.default\">\n\t\t\t\t<div class=\"elementor-widget-container\">\n\t\t\t\t\t\t\t\t\t\t\t\t\t\t\t\t<a href=\"https:\/\/www.xylem.com\/en-us\/\">\n\t\t\t\t\t\t\t<img decoding=\"async\" data-attachment-id=\"5129\" data-permalink=\"https:\/\/inskill.ai\/es\/how-it-works\/why-inskill\/xylem-2\/\" data-orig-file=\"https:\/\/i0.wp.com\/inskill.ai\/wp-content\/uploads\/2025\/05\/xylem-1.png?fit=800%2C330&amp;ssl=1\" data-orig-size=\"800,330\" data-comments-opened=\"0\" data-image-meta=\"{&quot;aperture&quot;:&quot;0&quot;,&quot;credit&quot;:&quot;&quot;,&quot;camera&quot;:&quot;&quot;,&quot;caption&quot;:&quot;&quot;,&quot;created_timestamp&quot;:&quot;0&quot;,&quot;copyright&quot;:&quot;&quot;,&quot;focal_length&quot;:&quot;0&quot;,&quot;iso&quot;:&quot;0&quot;,&quot;shutter_speed&quot;:&quot;0&quot;,&quot;title&quot;:&quot;&quot;,&quot;orientation&quot;:&quot;0&quot;}\" data-image-title=\"xylem\" data-image-description=\"&lt;p&gt;Xylem Logo&lt;\/p&gt;\" data-image-caption=\"&lt;p&gt;Xylem Logo&lt;\/p&gt;\" data-large-file=\"https:\/\/i0.wp.com\/inskill.ai\/wp-content\/uploads\/2025\/05\/xylem-1.png?fit=800%2C330&amp;ssl=1\" width=\"800\" height=\"330\" src=\"https:\/\/i0.wp.com\/inskill.ai\/wp-content\/uploads\/2025\/05\/xylem-1.png?fit=800%2C330&amp;ssl=1\" class=\"attachment-large size-large wp-image-5129\" alt=\"Xylem Logo\" srcset=\"https:\/\/i0.wp.com\/inskill.ai\/wp-content\/uploads\/2025\/05\/xylem-1.png?w=800&amp;ssl=1 800w, https:\/\/i0.wp.com\/inskill.ai\/wp-content\/uploads\/2025\/05\/xylem-1.png?resize=300%2C124&amp;ssl=1 300w, https:\/\/i0.wp.com\/inskill.ai\/wp-content\/uploads\/2025\/05\/xylem-1.png?resize=768%2C317&amp;ssl=1 768w\" sizes=\"(max-width: 800px) 100vw, 800px\" \/>\t\t\t\t\t\t\t\t<\/a>\n\t\t\t\t\t\t\t\t\t\t\t\t\t\t\t<\/div>\n\t\t\t\t<\/div>\n\t\t\t\t<\/div>\n\t\t\t\t<div class=\"elementor-element elementor-element-45cece1 elementor-widget elementor-widget-heading\" data-id=\"45cece1\" data-element_type=\"widget\" data-e-type=\"widget\" data-widget_type=\"heading.default\">\n\t\t\t\t<div class=\"elementor-widget-container\">\n\t\t\t\t\t<h3 class=\"elementor-heading-title elementor-size-default\"><a href=\"https:\/\/inskill.ai\/es\/case-study\/xylem\/\">Descubra c\u00f3mo Xylem redujo las llamadas de asistencia t\u00e9cnica en 50%<\/a><\/h3>\t\t\t\t<\/div>\n\t\t\t\t<\/div>\n\t\t\t\t<div class=\"elementor-element elementor-element-d7a866b elementor-widget elementor-widget-text-editor\" data-id=\"d7a866b\" data-element_type=\"widget\" data-e-type=\"widget\" data-widget_type=\"text-editor.default\">\n\t\t\t\t<div class=\"elementor-widget-container\">\n\t\t\t\t\t\t\t\t\t<p>\u201cSustituimos docenas de PDF, correos electr\u00f3nicos y conocimientos tribales por una \u00fanica fuente de confianza para cada t\u00e9cnico sobre el terreno\u201d.\u201d<\/p><p><strong>Mike W. Otten<\/strong><\/p><p>Director de Estrategias de Crecimiento Digital, Xylem<\/p>\t\t\t\t\t\t\t\t<\/div>\n\t\t\t\t<\/div>\n\t\t\t\t<div class=\"elementor-element elementor-element-6138d7e elementor-align-right elementor-widget__width-auto elementor-widget elementor-widget-button\" data-id=\"6138d7e\" data-element_type=\"widget\" data-e-type=\"widget\" data-widget_type=\"button.default\">\n\t\t\t\t<div class=\"elementor-widget-container\">\n\t\t\t\t\t\t\t\t\t<div class=\"elementor-button-wrapper\">\n\t\t\t\t\t<a class=\"elementor-button elementor-button-link elementor-size-sm\" href=\"https:\/\/inskill.ai\/es\/case-study\/xylem\/\">\n\t\t\t\t\t\t<span class=\"elementor-button-content-wrapper\">\n\t\t\t\t\t\t<span class=\"elementor-button-icon\">\n\t\t\t\t<i aria-hidden=\"true\" class=\"fas fa-arrow-circle-right\"><\/i>\t\t\t<\/span>\n\t\t\t\t\t\t\t\t\t<span class=\"elementor-button-text\">M\u00e1s informaci\u00f3n<\/span>\n\t\t\t\t\t<\/span>\n\t\t\t\t\t<\/a>\n\t\t\t\t<\/div>\n\t\t\t\t\t\t\t\t<\/div>\n\t\t\t\t<\/div>\n\t\t\t\t<\/div>\n\t\t\t\t<\/div>\n\t\t\t\t<\/div>\n\t\t<\/div>\n\t\t\t\t\t\t<\/div>\n\t\t\t\t<\/div>\n\t\t\t\t<\/div>\n\t\t\t\t\t<\/div>\n\t\t\t\t<\/div>\n\t\t\t\t<\/div>\n\t\t\t\t<\/div>","protected":false},"excerpt":{"rendered":"<p>Resources Case Studies<\/p>","protected":false},"author":22942266,"featured_media":0,"parent":5204,"menu_order":0,"comment_status":"closed","ping_status":"closed","template":"","meta":{"_acf_changed":false,"_crdt_document":"","content-type":"","footnotes":""},"class_list":["post-11212","page","type-page","status-publish","hentry"],"acf":[],"yoast_head":"<!-- This site is optimized with the Yoast SEO plugin v27.3 - https:\/\/yoast.com\/product\/yoast-seo-wordpress\/ -->\n<title>Case Studies - InSkill<\/title>\n<meta name=\"robots\" content=\"index, follow, max-snippet:-1, max-image-preview:large, max-video-preview:-1\" \/>\n<link rel=\"canonical\" href=\"https:\/\/inskill.ai\/es\/resources\/case-studies\/\" \/>\n<meta property=\"og:locale\" content=\"es_ES\" \/>\n<meta property=\"og:type\" content=\"article\" \/>\n<meta property=\"og:title\" content=\"Case Studies - InSkill\" \/>\n<meta property=\"og:description\" content=\"Resources Case Studies\" \/>\n<meta property=\"og:url\" content=\"https:\/\/inskill.ai\/es\/resources\/case-studies\/\" \/>\n<meta property=\"og:site_name\" content=\"InSkill\" \/>\n<meta property=\"article:modified_time\" content=\"2025-11-11T22:16:26+00:00\" \/>\n<meta name=\"twitter:card\" content=\"summary_large_image\" \/>\n<meta name=\"twitter:site\" content=\"@InSkill_ai\" \/>\n<meta name=\"twitter:label1\" content=\"Tiempo de lectura\" \/>\n\t<meta name=\"twitter:data1\" content=\"1 minuto\" \/>\n<script type=\"application\/ld+json\" class=\"yoast-schema-graph\">{\"@context\":\"https:\\\/\\\/schema.org\",\"@graph\":[{\"@type\":\"WebPage\",\"@id\":\"https:\\\/\\\/inskill.ai\\\/resources\\\/case-studies\\\/\",\"url\":\"https:\\\/\\\/inskill.ai\\\/resources\\\/case-studies\\\/\",\"name\":\"Case Studies - InSkill\",\"isPartOf\":{\"@id\":\"https:\\\/\\\/inskill.ai\\\/#website\"},\"datePublished\":\"2025-10-02T00:38:25+00:00\",\"dateModified\":\"2025-11-11T22:16:26+00:00\",\"breadcrumb\":{\"@id\":\"https:\\\/\\\/inskill.ai\\\/resources\\\/case-studies\\\/#breadcrumb\"},\"inLanguage\":\"es\",\"potentialAction\":[{\"@type\":\"ReadAction\",\"target\":[\"https:\\\/\\\/inskill.ai\\\/resources\\\/case-studies\\\/\"]}]},{\"@type\":\"BreadcrumbList\",\"@id\":\"https:\\\/\\\/inskill.ai\\\/resources\\\/case-studies\\\/#breadcrumb\",\"itemListElement\":[{\"@type\":\"ListItem\",\"position\":1,\"name\":\"Home\",\"item\":\"https:\\\/\\\/inskill.ai\\\/\"},{\"@type\":\"ListItem\",\"position\":2,\"name\":\"Resources\",\"item\":\"https:\\\/\\\/inskill.ai\\\/resources\\\/\"},{\"@type\":\"ListItem\",\"position\":3,\"name\":\"Case Studies\"}]},{\"@type\":\"WebSite\",\"@id\":\"https:\\\/\\\/inskill.ai\\\/#website\",\"url\":\"https:\\\/\\\/inskill.ai\\\/\",\"name\":\"InSkill\",\"description\":\"\",\"publisher\":{\"@id\":\"https:\\\/\\\/inskill.ai\\\/#organization\"},\"potentialAction\":[{\"@type\":\"SearchAction\",\"target\":{\"@type\":\"EntryPoint\",\"urlTemplate\":\"https:\\\/\\\/inskill.ai\\\/?s={search_term_string}\"},\"query-input\":{\"@type\":\"PropertyValueSpecification\",\"valueRequired\":true,\"valueName\":\"search_term_string\"}}],\"inLanguage\":\"es\"},{\"@type\":\"Organization\",\"@id\":\"https:\\\/\\\/inskill.ai\\\/#organization\",\"name\":\"InSkill\",\"url\":\"https:\\\/\\\/inskill.ai\\\/\",\"logo\":{\"@type\":\"ImageObject\",\"inLanguage\":\"es\",\"@id\":\"https:\\\/\\\/inskill.ai\\\/#\\\/schema\\\/logo\\\/image\\\/\",\"url\":\"https:\\\/\\\/i0.wp.com\\\/inskill.ai\\\/wp-content\\\/uploads\\\/2025\\\/05\\\/InSkill.png?fit=1250%2C500&ssl=1\",\"contentUrl\":\"https:\\\/\\\/i0.wp.com\\\/inskill.ai\\\/wp-content\\\/uploads\\\/2025\\\/05\\\/InSkill.png?fit=1250%2C500&ssl=1\",\"width\":1250,\"height\":500,\"caption\":\"InSkill\"},\"image\":{\"@id\":\"https:\\\/\\\/inskill.ai\\\/#\\\/schema\\\/logo\\\/image\\\/\"},\"sameAs\":[\"https:\\\/\\\/x.com\\\/InSkill_ai\",\"https:\\\/\\\/www.linkedin.com\\\/company\\\/inskill1\\\/\",\"https:\\\/\\\/www.youtube.com\\\/channel\\\/UCybDy9W_pGwBTLeTD57buXg\"]}]}<\/script>\n<!-- \/ Yoast SEO plugin. -->","yoast_head_json":{"title":"Case Studies - InSkill","robots":{"index":"index","follow":"follow","max-snippet":"max-snippet:-1","max-image-preview":"max-image-preview:large","max-video-preview":"max-video-preview:-1"},"canonical":"https:\/\/inskill.ai\/es\/resources\/case-studies\/","og_locale":"es_ES","og_type":"article","og_title":"Case Studies - InSkill","og_description":"Resources Case Studies","og_url":"https:\/\/inskill.ai\/es\/resources\/case-studies\/","og_site_name":"InSkill","article_modified_time":"2025-11-11T22:16:26+00:00","twitter_card":"summary_large_image","twitter_site":"@InSkill_ai","twitter_misc":{"Tiempo de lectura":"1 minuto"},"schema":{"@context":"https:\/\/schema.org","@graph":[{"@type":"WebPage","@id":"https:\/\/inskill.ai\/resources\/case-studies\/","url":"https:\/\/inskill.ai\/resources\/case-studies\/","name":"Case Studies - InSkill","isPartOf":{"@id":"https:\/\/inskill.ai\/#website"},"datePublished":"2025-10-02T00:38:25+00:00","dateModified":"2025-11-11T22:16:26+00:00","breadcrumb":{"@id":"https:\/\/inskill.ai\/resources\/case-studies\/#breadcrumb"},"inLanguage":"es","potentialAction":[{"@type":"ReadAction","target":["https:\/\/inskill.ai\/resources\/case-studies\/"]}]},{"@type":"BreadcrumbList","@id":"https:\/\/inskill.ai\/resources\/case-studies\/#breadcrumb","itemListElement":[{"@type":"ListItem","position":1,"name":"Home","item":"https:\/\/inskill.ai\/"},{"@type":"ListItem","position":2,"name":"Resources","item":"https:\/\/inskill.ai\/resources\/"},{"@type":"ListItem","position":3,"name":"Case Studies"}]},{"@type":"WebSite","@id":"https:\/\/inskill.ai\/#website","url":"https:\/\/inskill.ai\/","name":"InSkill","description":"","publisher":{"@id":"https:\/\/inskill.ai\/#organization"},"potentialAction":[{"@type":"SearchAction","target":{"@type":"EntryPoint","urlTemplate":"https:\/\/inskill.ai\/?s={search_term_string}"},"query-input":{"@type":"PropertyValueSpecification","valueRequired":true,"valueName":"search_term_string"}}],"inLanguage":"es"},{"@type":"Organization","@id":"https:\/\/inskill.ai\/#organization","name":"InSkill","url":"https:\/\/inskill.ai\/","logo":{"@type":"ImageObject","inLanguage":"es","@id":"https:\/\/inskill.ai\/#\/schema\/logo\/image\/","url":"https:\/\/i0.wp.com\/inskill.ai\/wp-content\/uploads\/2025\/05\/InSkill.png?fit=1250%2C500&ssl=1","contentUrl":"https:\/\/i0.wp.com\/inskill.ai\/wp-content\/uploads\/2025\/05\/InSkill.png?fit=1250%2C500&ssl=1","width":1250,"height":500,"caption":"InSkill"},"image":{"@id":"https:\/\/inskill.ai\/#\/schema\/logo\/image\/"},"sameAs":["https:\/\/x.com\/InSkill_ai","https:\/\/www.linkedin.com\/company\/inskill1\/","https:\/\/www.youtube.com\/channel\/UCybDy9W_pGwBTLeTD57buXg"]}]}},"jetpack_shortlink":"https:\/\/wp.me\/Pf6eCv-2UQ","jetpack_sharing_enabled":true,"_links":{"self":[{"href":"https:\/\/inskill.ai\/es\/wp-json\/wp\/v2\/pages\/11212","targetHints":{"allow":["GET"]}}],"collection":[{"href":"https:\/\/inskill.ai\/es\/wp-json\/wp\/v2\/pages"}],"about":[{"href":"https:\/\/inskill.ai\/es\/wp-json\/wp\/v2\/types\/page"}],"author":[{"embeddable":true,"href":"https:\/\/inskill.ai\/es\/wp-json\/wp\/v2\/users\/22942266"}],"replies":[{"embeddable":true,"href":"https:\/\/inskill.ai\/es\/wp-json\/wp\/v2\/comments?post=11212"}],"version-history":[{"count":19,"href":"https:\/\/inskill.ai\/es\/wp-json\/wp\/v2\/pages\/11212\/revisions"}],"predecessor-version":[{"id":11844,"href":"https:\/\/inskill.ai\/es\/wp-json\/wp\/v2\/pages\/11212\/revisions\/11844"}],"up":[{"embeddable":true,"href":"https:\/\/inskill.ai\/es\/wp-json\/wp\/v2\/pages\/5204"}],"wp:attachment":[{"href":"https:\/\/inskill.ai\/es\/wp-json\/wp\/v2\/media?parent=11212"}],"curies":[{"name":"wp","href":"https:\/\/api.w.org\/{rel}","templated":true}]}}