{"id":9060,"date":"2025-06-02T15:45:42","date_gmt":"2025-06-02T22:45:42","guid":{"rendered":"https:\/\/inskill.ai\/?page_id=9060"},"modified":"2025-11-11T15:10:23","modified_gmt":"2025-11-11T22:10:23","slug":"oca-certified","status":"publish","type":"page","link":"https:\/\/inskill.ai\/pt\/how-it-works\/security\/oca-certified\/","title":{"rendered":"Certifica\u00e7\u00e3o OCA"},"content":{"rendered":"<div data-elementor-type=\"wp-page\" data-elementor-id=\"9060\" class=\"elementor elementor-9060\" data-elementor-post-type=\"page\">\n\t\t\t\t<div class=\"elementor-element elementor-element-f24183a e-flex e-con-boxed e-con e-parent\" data-id=\"f24183a\" data-element_type=\"container\" data-e-type=\"container\" data-settings=\"{&quot;jet_parallax_layout_list&quot;:[],&quot;background_background&quot;:&quot;video&quot;,&quot;background_video_link&quot;:&quot;https:\\\/\\\/wp.me\\\/af6eCv-33K&quot;,&quot;background_play_on_mobile&quot;:&quot;yes&quot;}\">\n\t\t\t\t\t<div class=\"e-con-inner\">\n\t\t<div class=\"elementor-background-video-container\">\n\t\t\t\t\t\t\t<video class=\"elementor-background-video-hosted\" role=\"presentation\" autoplay muted playsinline loop><\/video>\n\t\t\t\t\t<\/div><div class=\"elementor-element elementor-element-0eed304 e-con-full e-flex e-con e-child\" data-id=\"0eed304\" data-element_type=\"container\" data-e-type=\"container\" data-settings=\"{&quot;jet_parallax_layout_list&quot;:[]}\">\n\t\t<div class=\"elementor-element elementor-element-7fa18d0 e-con-full e-flex e-con e-child\" data-id=\"7fa18d0\" data-element_type=\"container\" data-e-type=\"container\" data-settings=\"{&quot;jet_parallax_layout_list&quot;:[]}\">\n\t\t\t\t<div class=\"elementor-element elementor-element-49445e7 elementor-widget__width-inherit elementor-widget elementor-widget-heading\" data-id=\"49445e7\" data-element_type=\"widget\" data-e-type=\"widget\" data-widget_type=\"heading.default\">\n\t\t\t\t<div class=\"elementor-widget-container\">\n\t\t\t\t\t<h1 class=\"elementor-heading-title elementor-size-default\">Certifica\u00e7\u00e3o OCA<\/h1>\t\t\t\t<\/div>\n\t\t\t\t<\/div>\n\t\t\t\t<div class=\"elementor-element elementor-element-91dedd4 elementor-widget__width-auto elementor-widget elementor-widget-heading\" data-id=\"91dedd4\" data-element_type=\"widget\" data-e-type=\"widget\" data-widget_type=\"heading.default\">\n\t\t\t\t<div class=\"elementor-widget-container\">\n\t\t\t\t\t<h2 class=\"elementor-heading-title elementor-size-default\">Centro de Confian\u00e7a<\/h2>\t\t\t\t<\/div>\n\t\t\t\t<\/div>\n\t\t\t\t<\/div>\n\t\t\t\t<\/div>\n\t\t<div class=\"elementor-element elementor-element-25052ff e-con-full e-flex e-con e-child\" data-id=\"25052ff\" data-element_type=\"container\" data-e-type=\"container\" data-settings=\"{&quot;background_background&quot;:&quot;gradient&quot;,&quot;jet_parallax_layout_list&quot;:[],&quot;position&quot;:&quot;absolute&quot;}\">\n\t\t\t\t<\/div>\n\t\t\t\t\t<\/div>\n\t\t\t\t<\/div>\n\t\t<div class=\"elementor-element elementor-element-7620f16 e-con-full e-flex e-con e-parent\" data-id=\"7620f16\" data-element_type=\"container\" data-e-type=\"container\" data-settings=\"{&quot;background_background&quot;:&quot;classic&quot;,&quot;jet_parallax_layout_list&quot;:[]}\">\n\t\t<div class=\"elementor-element elementor-element-2dabe77 e-con-full e-flex e-con e-child\" data-id=\"2dabe77\" data-element_type=\"container\" data-e-type=\"container\" data-settings=\"{&quot;jet_parallax_layout_list&quot;:[],&quot;background_background&quot;:&quot;classic&quot;}\">\n\t\t\t\t<div class=\"elementor-element elementor-element-a987d1e elementor-nav-menu--dropdown-tablet elementor-nav-menu__text-align-aside elementor-nav-menu--toggle elementor-nav-menu--burger elementor-widget elementor-widget-nav-menu\" data-id=\"a987d1e\" data-element_type=\"widget\" data-e-type=\"widget\" data-settings=\"{&quot;layout&quot;:&quot;horizontal&quot;,&quot;submenu_icon&quot;:{&quot;value&quot;:&quot;&lt;i class=\\&quot;fas fa-caret-down\\&quot; aria-hidden=\\&quot;true\\&quot;&gt;&lt;\\\/i&gt;&quot;,&quot;library&quot;:&quot;fa-solid&quot;},&quot;toggle&quot;:&quot;burger&quot;}\" data-widget_type=\"nav-menu.default\">\n\t\t\t\t<div class=\"elementor-widget-container\">\n\t\t\t\t\t\t\t\t<nav aria-label=\"Centro de Confian\u00e7a\" class=\"elementor-nav-menu--main elementor-nav-menu__container elementor-nav-menu--layout-horizontal e--pointer-underline e--animation-fade\">\n\t\t\t\t<ul id=\"menu-1-a987d1e\" class=\"elementor-nav-menu\"><li class=\"menu-item menu-item-type-post_type menu-item-object-page menu-item-9133\"><a href=\"https:\/\/inskill.ai\/pt\/how-it-works\/security\/\" class=\"elementor-item\">Seguran\u00e7a<\/a><\/li>\n<li class=\"menu-item menu-item-type-post_type menu-item-object-page menu-item-9063\"><a href=\"https:\/\/inskill.ai\/pt\/how-it-works\/security\/oca-certified\/\" class=\"elementor-item\">Certifica\u00e7\u00e3o OCA<\/a><\/li>\n<li class=\"menu-item menu-item-type-post_type menu-item-object-page menu-item-9064\"><a href=\"https:\/\/inskill.ai\/pt\/how-it-works\/security\/soc-compliance\/\" class=\"elementor-item\">Conformidade com o SOC<\/a><\/li>\n<\/ul>\t\t\t<\/nav>\n\t\t\t\t\t<div class=\"elementor-menu-toggle\" role=\"button\" tabindex=\"0\" aria-label=\"Alternar menu\" aria-expanded=\"false\">\n\t\t\t<i aria-hidden=\"true\" role=\"presentation\" class=\"elementor-menu-toggle__icon--open eicon-menu-bar\"><\/i><i aria-hidden=\"true\" role=\"presentation\" class=\"elementor-menu-toggle__icon--close eicon-close\"><\/i>\t\t<\/div>\n\t\t\t\t\t<nav class=\"elementor-nav-menu--dropdown elementor-nav-menu__container\" aria-hidden=\"true\">\n\t\t\t\t<ul id=\"menu-2-a987d1e\" class=\"elementor-nav-menu\"><li class=\"menu-item menu-item-type-post_type menu-item-object-page menu-item-9133\"><a href=\"https:\/\/inskill.ai\/pt\/how-it-works\/security\/\" class=\"elementor-item\" tabindex=\"-1\">Seguran\u00e7a<\/a><\/li>\n<li class=\"menu-item menu-item-type-post_type menu-item-object-page menu-item-9063\"><a href=\"https:\/\/inskill.ai\/pt\/how-it-works\/security\/oca-certified\/\" class=\"elementor-item\" tabindex=\"-1\">Certifica\u00e7\u00e3o OCA<\/a><\/li>\n<li class=\"menu-item menu-item-type-post_type menu-item-object-page menu-item-9064\"><a href=\"https:\/\/inskill.ai\/pt\/how-it-works\/security\/soc-compliance\/\" class=\"elementor-item\" tabindex=\"-1\">Conformidade com o SOC<\/a><\/li>\n<\/ul>\t\t\t<\/nav>\n\t\t\t\t\t\t<\/div>\n\t\t\t\t<\/div>\n\t\t\t\t<\/div>\n\t\t<div class=\"elementor-element elementor-element-e0183ec e-flex e-con-boxed e-con e-child\" data-id=\"e0183ec\" data-element_type=\"container\" data-e-type=\"container\" data-settings=\"{&quot;jet_parallax_layout_list&quot;:[]}\">\n\t\t\t\t\t<div class=\"e-con-inner\">\n\t\t<div class=\"elementor-element elementor-element-bcf21f0 e-grid e-con-full e-con e-child\" data-id=\"bcf21f0\" data-element_type=\"container\" data-e-type=\"container\" data-settings=\"{&quot;jet_parallax_layout_list&quot;:[]}\">\n\t\t\t\t<div class=\"elementor-element elementor-element-4d71294 elementor-widget elementor-widget-image\" data-id=\"4d71294\" data-element_type=\"widget\" data-e-type=\"widget\" data-widget_type=\"image.default\">\n\t\t\t\t<div class=\"elementor-widget-container\">\n\t\t\t\t\t\t\t\t\t\t\t\t\t\t\t<img fetchpriority=\"high\" decoding=\"async\" data-attachment-id=\"9025\" data-permalink=\"https:\/\/inskill.ai\/pt\/home\/badge-oca\/\" data-orig-file=\"https:\/\/i0.wp.com\/inskill.ai\/wp-content\/uploads\/2025\/06\/Badge-OCA.png?fit=800%2C800&amp;ssl=1\" data-orig-size=\"800,800\" data-comments-opened=\"0\" data-image-meta=\"{&quot;aperture&quot;:&quot;0&quot;,&quot;credit&quot;:&quot;&quot;,&quot;camera&quot;:&quot;&quot;,&quot;caption&quot;:&quot;&quot;,&quot;created_timestamp&quot;:&quot;0&quot;,&quot;copyright&quot;:&quot;&quot;,&quot;focal_length&quot;:&quot;0&quot;,&quot;iso&quot;:&quot;0&quot;,&quot;shutter_speed&quot;:&quot;0&quot;,&quot;title&quot;:&quot;&quot;,&quot;orientation&quot;:&quot;0&quot;}\" data-image-title=\"OCA certified\" data-image-description=\"&lt;p&gt;Badge for certification by open copilot association standards&lt;\/p&gt;\" data-image-caption=\"&lt;p&gt;Badge for certification by open copilot association standards&lt;\/p&gt;\" data-large-file=\"https:\/\/i0.wp.com\/inskill.ai\/wp-content\/uploads\/2025\/06\/Badge-OCA.png?fit=800%2C800&amp;ssl=1\" width=\"800\" height=\"800\" src=\"https:\/\/i0.wp.com\/inskill.ai\/wp-content\/uploads\/2025\/06\/Badge-OCA.png?fit=800%2C800&amp;ssl=1\" class=\"attachment-large size-large wp-image-9025\" alt=\"Badge for certification by open copilot association standards\" srcset=\"https:\/\/i0.wp.com\/inskill.ai\/wp-content\/uploads\/2025\/06\/Badge-OCA.png?w=800&amp;ssl=1 800w, https:\/\/i0.wp.com\/inskill.ai\/wp-content\/uploads\/2025\/06\/Badge-OCA.png?resize=300%2C300&amp;ssl=1 300w, https:\/\/i0.wp.com\/inskill.ai\/wp-content\/uploads\/2025\/06\/Badge-OCA.png?resize=150%2C150&amp;ssl=1 150w, https:\/\/i0.wp.com\/inskill.ai\/wp-content\/uploads\/2025\/06\/Badge-OCA.png?resize=768%2C768&amp;ssl=1 768w\" sizes=\"(max-width: 800px) 100vw, 800px\" \/>\t\t\t\t\t\t\t\t\t\t\t\t\t\t\t<\/div>\n\t\t\t\t<\/div>\n\t\t\t\t<div class=\"elementor-element elementor-element-a2182ea elementor-widget elementor-widget-text-editor\" data-id=\"a2182ea\" data-element_type=\"widget\" data-e-type=\"widget\" data-widget_type=\"text-editor.default\">\n\t\t\t\t<div class=\"elementor-widget-container\">\n\t\t\t\t\t\t\t\t\t<p class=\"p1\">A plataforma InSkill est\u00e1 totalmente alinhada com a Open Copilot Association (OCA), o \u00f3rg\u00e3o de padr\u00f5es do setor para copilotos de IA em ambientes industriais. Todos os copilotos criados e implementados por meio da InSkill seguem as diretrizes da OCA, garantindo implementa\u00e7\u00f5es consistentes, seguras e interoper\u00e1veis em todos os tipos de equipamentos e instala\u00e7\u00f5es. Essa conformidade garante que cada copiloto da InSkill atenda ao padr\u00e3o de prontid\u00e3o, seguran\u00e7a e desempenho industrial.<\/p><p>Saiba mais em <a href=\"http:\/\/open-copilot.org\" target=\"_blank\" rel=\"noopener\">Associa\u00e7\u00e3o de Copilotos Abertos<\/a><\/p>\t\t\t\t\t\t\t\t<\/div>\n\t\t\t\t<\/div>\n\t\t\t\t<\/div>\n\t\t\t\t\t<\/div>\n\t\t\t\t<\/div>\n\t\t\t\t<\/div>\n\t\t\t\t<\/div>","protected":false},"excerpt":{"rendered":"<p>OCA Certification Trust Center The InSkill platform is fully aligned with the Open Copilot Association (OCA), the industry standards body for AI copilots in industrial environments. All copilots built and deployed through InSkill adhere to OCA guidelines, ensuring consistent, secure, and interoperable implementations across equipment types and facilities. This compliance guarantees that every InSkill copilot [&hellip;]<\/p>\n","protected":false},"author":22942266,"featured_media":0,"parent":5186,"menu_order":0,"comment_status":"closed","ping_status":"closed","template":"elementor_header_footer","meta":{"_acf_changed":false,"_crdt_document":"","content-type":"","footnotes":""},"class_list":["post-9060","page","type-page","status-publish","hentry"],"acf":[],"yoast_head":"<!-- This site is optimized with the Yoast SEO plugin v27.4 - https:\/\/yoast.com\/product\/yoast-seo-wordpress\/ -->\n<title>OCA Certified - InSkill<\/title>\n<meta name=\"description\" content=\"InSkill is an OCA Certified platform, built to meet the Open Copilot Association standards for industrial AI copilots. Ensure compliance, security, and interoperability across equipment, sites, and service providers.\" \/>\n<meta name=\"robots\" content=\"index, follow, max-snippet:-1, max-image-preview:large, max-video-preview:-1\" \/>\n<link rel=\"canonical\" href=\"https:\/\/inskill.ai\/pt\/how-it-works\/security\/oca-certified\/\" \/>\n<meta property=\"og:locale\" content=\"pt_BR\" \/>\n<meta property=\"og:type\" content=\"article\" \/>\n<meta property=\"og:title\" content=\"OCA Certified - InSkill\" \/>\n<meta property=\"og:description\" content=\"InSkill is an OCA Certified platform, built to meet the Open Copilot Association standards for industrial AI copilots. Ensure compliance, security, and interoperability across equipment, sites, and service providers.\" \/>\n<meta property=\"og:url\" content=\"https:\/\/inskill.ai\/pt\/how-it-works\/security\/oca-certified\/\" \/>\n<meta property=\"og:site_name\" content=\"InSkill\" \/>\n<meta property=\"article:modified_time\" content=\"2025-11-11T22:10:23+00:00\" \/>\n<meta property=\"og:image\" content=\"https:\/\/inskill.ai\/wp-content\/uploads\/2025\/06\/Badge-OCA.png\" \/>\n<meta name=\"twitter:card\" content=\"summary_large_image\" \/>\n<meta name=\"twitter:site\" content=\"@InSkill_ai\" \/>\n<meta name=\"twitter:label1\" content=\"Est. tempo de leitura\" \/>\n\t<meta name=\"twitter:data1\" content=\"1 minuto\" \/>\n<script type=\"application\/ld+json\" class=\"yoast-schema-graph\">{\"@context\":\"https:\\\/\\\/schema.org\",\"@graph\":[{\"@type\":\"WebPage\",\"@id\":\"https:\\\/\\\/inskill.ai\\\/how-it-works\\\/security\\\/oca-certified\\\/\",\"url\":\"https:\\\/\\\/inskill.ai\\\/how-it-works\\\/security\\\/oca-certified\\\/\",\"name\":\"OCA Certified - InSkill\",\"isPartOf\":{\"@id\":\"https:\\\/\\\/inskill.ai\\\/#website\"},\"primaryImageOfPage\":{\"@id\":\"https:\\\/\\\/inskill.ai\\\/how-it-works\\\/security\\\/oca-certified\\\/#primaryimage\"},\"image\":{\"@id\":\"https:\\\/\\\/inskill.ai\\\/how-it-works\\\/security\\\/oca-certified\\\/#primaryimage\"},\"thumbnailUrl\":\"https:\\\/\\\/inskill.ai\\\/wp-content\\\/uploads\\\/2025\\\/06\\\/Badge-OCA.png\",\"datePublished\":\"2025-06-02T22:45:42+00:00\",\"dateModified\":\"2025-11-11T22:10:23+00:00\",\"description\":\"InSkill is an OCA Certified platform, built to meet the Open Copilot Association standards for industrial AI copilots. Ensure compliance, security, and interoperability across equipment, sites, and service providers.\",\"breadcrumb\":{\"@id\":\"https:\\\/\\\/inskill.ai\\\/how-it-works\\\/security\\\/oca-certified\\\/#breadcrumb\"},\"inLanguage\":\"pt-BR\",\"potentialAction\":[{\"@type\":\"ReadAction\",\"target\":[\"https:\\\/\\\/inskill.ai\\\/how-it-works\\\/security\\\/oca-certified\\\/\"]}]},{\"@type\":\"ImageObject\",\"inLanguage\":\"pt-BR\",\"@id\":\"https:\\\/\\\/inskill.ai\\\/how-it-works\\\/security\\\/oca-certified\\\/#primaryimage\",\"url\":\"https:\\\/\\\/inskill.ai\\\/wp-content\\\/uploads\\\/2025\\\/06\\\/Badge-OCA.png\",\"contentUrl\":\"https:\\\/\\\/inskill.ai\\\/wp-content\\\/uploads\\\/2025\\\/06\\\/Badge-OCA.png\"},{\"@type\":\"BreadcrumbList\",\"@id\":\"https:\\\/\\\/inskill.ai\\\/how-it-works\\\/security\\\/oca-certified\\\/#breadcrumb\",\"itemListElement\":[{\"@type\":\"ListItem\",\"position\":1,\"name\":\"Home\",\"item\":\"https:\\\/\\\/inskill.ai\\\/\"},{\"@type\":\"ListItem\",\"position\":2,\"name\":\"How It Works\",\"item\":\"https:\\\/\\\/inskill.ai\\\/how-it-works\\\/\"},{\"@type\":\"ListItem\",\"position\":3,\"name\":\"Security\",\"item\":\"https:\\\/\\\/inskill.ai\\\/how-it-works\\\/security\\\/\"},{\"@type\":\"ListItem\",\"position\":4,\"name\":\"OCA Certified\"}]},{\"@type\":\"WebSite\",\"@id\":\"https:\\\/\\\/inskill.ai\\\/#website\",\"url\":\"https:\\\/\\\/inskill.ai\\\/\",\"name\":\"InSkill\",\"description\":\"\",\"publisher\":{\"@id\":\"https:\\\/\\\/inskill.ai\\\/#organization\"},\"potentialAction\":[{\"@type\":\"SearchAction\",\"target\":{\"@type\":\"EntryPoint\",\"urlTemplate\":\"https:\\\/\\\/inskill.ai\\\/?s={search_term_string}\"},\"query-input\":{\"@type\":\"PropertyValueSpecification\",\"valueRequired\":true,\"valueName\":\"search_term_string\"}}],\"inLanguage\":\"pt-BR\"},{\"@type\":\"Organization\",\"@id\":\"https:\\\/\\\/inskill.ai\\\/#organization\",\"name\":\"InSkill\",\"url\":\"https:\\\/\\\/inskill.ai\\\/\",\"logo\":{\"@type\":\"ImageObject\",\"inLanguage\":\"pt-BR\",\"@id\":\"https:\\\/\\\/inskill.ai\\\/#\\\/schema\\\/logo\\\/image\\\/\",\"url\":\"https:\\\/\\\/i0.wp.com\\\/inskill.ai\\\/wp-content\\\/uploads\\\/2025\\\/05\\\/InSkill.png?fit=1250%2C500&ssl=1\",\"contentUrl\":\"https:\\\/\\\/i0.wp.com\\\/inskill.ai\\\/wp-content\\\/uploads\\\/2025\\\/05\\\/InSkill.png?fit=1250%2C500&ssl=1\",\"width\":1250,\"height\":500,\"caption\":\"InSkill\"},\"image\":{\"@id\":\"https:\\\/\\\/inskill.ai\\\/#\\\/schema\\\/logo\\\/image\\\/\"},\"sameAs\":[\"https:\\\/\\\/x.com\\\/InSkill_ai\",\"https:\\\/\\\/www.linkedin.com\\\/company\\\/inskill1\\\/\",\"https:\\\/\\\/www.youtube.com\\\/channel\\\/UCybDy9W_pGwBTLeTD57buXg\"]}]}<\/script>\n<!-- \/ Yoast SEO plugin. -->","yoast_head_json":{"title":"OCA Certified - InSkill","description":"InSkill is an OCA Certified platform, built to meet the Open Copilot Association standards for industrial AI copilots. Ensure compliance, security, and interoperability across equipment, sites, and service providers.","robots":{"index":"index","follow":"follow","max-snippet":"max-snippet:-1","max-image-preview":"max-image-preview:large","max-video-preview":"max-video-preview:-1"},"canonical":"https:\/\/inskill.ai\/pt\/how-it-works\/security\/oca-certified\/","og_locale":"pt_BR","og_type":"article","og_title":"OCA Certified - InSkill","og_description":"InSkill is an OCA Certified platform, built to meet the Open Copilot Association standards for industrial AI copilots. Ensure compliance, security, and interoperability across equipment, sites, and service providers.","og_url":"https:\/\/inskill.ai\/pt\/how-it-works\/security\/oca-certified\/","og_site_name":"InSkill","article_modified_time":"2025-11-11T22:10:23+00:00","og_image":[{"url":"https:\/\/inskill.ai\/wp-content\/uploads\/2025\/06\/Badge-OCA.png","type":"","width":"","height":""}],"twitter_card":"summary_large_image","twitter_site":"@InSkill_ai","twitter_misc":{"Est. tempo de leitura":"1 minuto"},"schema":{"@context":"https:\/\/schema.org","@graph":[{"@type":"WebPage","@id":"https:\/\/inskill.ai\/how-it-works\/security\/oca-certified\/","url":"https:\/\/inskill.ai\/how-it-works\/security\/oca-certified\/","name":"OCA Certified - InSkill","isPartOf":{"@id":"https:\/\/inskill.ai\/#website"},"primaryImageOfPage":{"@id":"https:\/\/inskill.ai\/how-it-works\/security\/oca-certified\/#primaryimage"},"image":{"@id":"https:\/\/inskill.ai\/how-it-works\/security\/oca-certified\/#primaryimage"},"thumbnailUrl":"https:\/\/inskill.ai\/wp-content\/uploads\/2025\/06\/Badge-OCA.png","datePublished":"2025-06-02T22:45:42+00:00","dateModified":"2025-11-11T22:10:23+00:00","description":"InSkill is an OCA Certified platform, built to meet the Open Copilot Association standards for industrial AI copilots. Ensure compliance, security, and interoperability across equipment, sites, and service providers.","breadcrumb":{"@id":"https:\/\/inskill.ai\/how-it-works\/security\/oca-certified\/#breadcrumb"},"inLanguage":"pt-BR","potentialAction":[{"@type":"ReadAction","target":["https:\/\/inskill.ai\/how-it-works\/security\/oca-certified\/"]}]},{"@type":"ImageObject","inLanguage":"pt-BR","@id":"https:\/\/inskill.ai\/how-it-works\/security\/oca-certified\/#primaryimage","url":"https:\/\/inskill.ai\/wp-content\/uploads\/2025\/06\/Badge-OCA.png","contentUrl":"https:\/\/inskill.ai\/wp-content\/uploads\/2025\/06\/Badge-OCA.png"},{"@type":"BreadcrumbList","@id":"https:\/\/inskill.ai\/how-it-works\/security\/oca-certified\/#breadcrumb","itemListElement":[{"@type":"ListItem","position":1,"name":"Home","item":"https:\/\/inskill.ai\/"},{"@type":"ListItem","position":2,"name":"How It Works","item":"https:\/\/inskill.ai\/how-it-works\/"},{"@type":"ListItem","position":3,"name":"Security","item":"https:\/\/inskill.ai\/how-it-works\/security\/"},{"@type":"ListItem","position":4,"name":"OCA Certified"}]},{"@type":"WebSite","@id":"https:\/\/inskill.ai\/#website","url":"https:\/\/inskill.ai\/","name":"InSkill","description":"","publisher":{"@id":"https:\/\/inskill.ai\/#organization"},"potentialAction":[{"@type":"SearchAction","target":{"@type":"EntryPoint","urlTemplate":"https:\/\/inskill.ai\/?s={search_term_string}"},"query-input":{"@type":"PropertyValueSpecification","valueRequired":true,"valueName":"search_term_string"}}],"inLanguage":"pt-BR"},{"@type":"Organization","@id":"https:\/\/inskill.ai\/#organization","name":"InSkill","url":"https:\/\/inskill.ai\/","logo":{"@type":"ImageObject","inLanguage":"pt-BR","@id":"https:\/\/inskill.ai\/#\/schema\/logo\/image\/","url":"https:\/\/i0.wp.com\/inskill.ai\/wp-content\/uploads\/2025\/05\/InSkill.png?fit=1250%2C500&ssl=1","contentUrl":"https:\/\/i0.wp.com\/inskill.ai\/wp-content\/uploads\/2025\/05\/InSkill.png?fit=1250%2C500&ssl=1","width":1250,"height":500,"caption":"InSkill"},"image":{"@id":"https:\/\/inskill.ai\/#\/schema\/logo\/image\/"},"sameAs":["https:\/\/x.com\/InSkill_ai","https:\/\/www.linkedin.com\/company\/inskill1\/","https:\/\/www.youtube.com\/channel\/UCybDy9W_pGwBTLeTD57buXg"]}]}},"jetpack_shortlink":"https:\/\/wp.me\/Pf6eCv-2m8","jetpack_sharing_enabled":true,"_links":{"self":[{"href":"https:\/\/inskill.ai\/pt\/wp-json\/wp\/v2\/pages\/9060","targetHints":{"allow":["GET"]}}],"collection":[{"href":"https:\/\/inskill.ai\/pt\/wp-json\/wp\/v2\/pages"}],"about":[{"href":"https:\/\/inskill.ai\/pt\/wp-json\/wp\/v2\/types\/page"}],"author":[{"embeddable":true,"href":"https:\/\/inskill.ai\/pt\/wp-json\/wp\/v2\/users\/22942266"}],"replies":[{"embeddable":true,"href":"https:\/\/inskill.ai\/pt\/wp-json\/wp\/v2\/comments?post=9060"}],"version-history":[{"count":20,"href":"https:\/\/inskill.ai\/pt\/wp-json\/wp\/v2\/pages\/9060\/revisions"}],"predecessor-version":[{"id":11823,"href":"https:\/\/inskill.ai\/pt\/wp-json\/wp\/v2\/pages\/9060\/revisions\/11823"}],"up":[{"embeddable":true,"href":"https:\/\/inskill.ai\/pt\/wp-json\/wp\/v2\/pages\/5186"}],"wp:attachment":[{"href":"https:\/\/inskill.ai\/pt\/wp-json\/wp\/v2\/media?parent=9060"}],"curies":[{"name":"wp","href":"https:\/\/api.w.org\/{rel}","templated":true}]}}